{"id":5398,"date":"2026-04-24T11:06:04","date_gmt":"2026-04-24T09:06:04","guid":{"rendered":"https:\/\/capotesolutions.com\/"},"modified":"2026-04-24T11:24:23","modified_gmt":"2026-04-24T09:24:23","slug":"privacy-policy","status":"publish","type":"page","link":"https:\/\/capotesolutions.com\/es\/adswatch\/privacy-policy\/","title":{"rendered":"AdsWatch: Privacy Policy"},"content":{"rendered":"<div data-elementor-type=\"wp-page\" data-elementor-id=\"5398\" class=\"elementor elementor-5398\" data-elementor-post-type=\"page\">\n\t\t\t\t<div class=\"elementor-element elementor-element-0824ac1 e-flex e-con-boxed wpr-particle-no wpr-jarallax-no wpr-parallax-no wpr-sticky-section-no wpr-equal-height-no e-con e-parent\" data-id=\"0824ac1\" data-element_type=\"container\" data-e-type=\"container\">\n\t\t\t\t\t<div class=\"e-con-inner\">\n\t\t\t\t<div class=\"elementor-element elementor-element-11a3bbc elementor-widget elementor-widget-heading\" data-id=\"11a3bbc\" data-element_type=\"widget\" data-e-type=\"widget\" data-widget_type=\"heading.default\">\n\t\t\t\t<div class=\"elementor-widget-container\">\n\t\t\t\t\t<h2 class=\"elementor-heading-title elementor-size-default\">Privacy Policy for AdsWatch<\/h2>\t\t\t\t<\/div>\n\t\t\t\t<\/div>\n\t\t\t\t\t<\/div>\n\t\t\t\t<\/div>\n\t\t<div class=\"elementor-element elementor-element-72753d5 e-flex e-con-boxed wpr-particle-no wpr-jarallax-no wpr-parallax-no wpr-sticky-section-no wpr-equal-height-no e-con e-parent\" data-id=\"72753d5\" data-element_type=\"container\" data-e-type=\"container\">\n\t\t\t\t\t<div class=\"e-con-inner\">\n\t\t\t\t<div class=\"elementor-element elementor-element-9b0ee1d elementor-widget elementor-widget-text-editor\" data-id=\"9b0ee1d\" data-element_type=\"widget\" data-e-type=\"widget\" data-widget_type=\"text-editor.default\">\n\t\t\t\t<div class=\"elementor-widget-container\">\n\t\t\t\t\t\t\t\t\t<p data-path-to-node=\"7\"><b data-path-to-node=\"7\" data-index-in-node=\"0\">Effective Date:<\/b> April 24, 2026<\/p><p data-path-to-node=\"8\">En <b data-path-to-node=\"8\" data-index-in-node=\"3\">AdsWatch<\/b>, developed by <b data-path-to-node=\"8\" data-index-in-node=\"26\">Soluciones Empresariales Capote<\/b>, we take your privacy and the security of your advertising data seriously. This Privacy Policy describes how we handle information when you use our iOS and watchOS applications.<\/p><h3 data-path-to-node=\"9\">1. Data Collection and Use<\/h3><p data-path-to-node=\"10\">AdsWatch is a monitoring tool that interacts with the Google Ads API.<\/p><ul data-path-to-node=\"11\"><li><p data-path-to-node=\"11,0,0\"><b data-path-to-node=\"11,0,0\" data-index-in-node=\"0\">Authentication:<\/b> We use Google OAuth 2.0 for authentication. We do not see, collect, or store your Google password.<\/p><\/li><li><p data-path-to-node=\"11,1,0\"><b data-path-to-node=\"11,1,0\" data-index-in-node=\"0\">Advertising Data:<\/b> The app fetches performance metrics (such as spend, impressions, and conversions) directly from the Google Ads API. This data is used solely to display your dashboard on your Apple Watch and iPhone.<\/p><\/li><\/ul><h3 data-path-to-node=\"12\">2. Data Storage and Security<\/h3><ul data-path-to-node=\"13\"><li><p data-path-to-node=\"13,0,0\"><b data-path-to-node=\"13,0,0\" data-index-in-node=\"0\">No External Servers:<\/b> AdsWatch does <b data-path-to-node=\"13,0,0\" data-index-in-node=\"35\">not<\/b> transmit your advertising data to any external servers or third parties. All data is fetched directly from Google to your device.<\/p><\/li><li><p data-path-to-node=\"13,1,0\"><b data-path-to-node=\"13,1,0\" data-index-in-node=\"0\">Local Storage:<\/b> Access tokens are stored securely on your device&#8217;s keychain and are only shared between your paired iPhone and Apple Watch via encrypted channels.<\/p><\/li><\/ul><h3 data-path-to-node=\"14\">3. Google Limited Use Policy Compliance<\/h3><p data-path-to-node=\"15\">AdsWatch&#8217;s use and transfer to any other app of information received from Google APIs will adhere to the <b data-path-to-node=\"15\" data-index-in-node=\"105\">Google API Services User Data Policy<\/b>, incluido el <b data-path-to-node=\"15\" data-index-in-node=\"157\">Limited Use requirements<\/b>. We do not sell, rent, or trade your data.<\/p><h3 data-path-to-node=\"16\">4. Contact Us<\/h3><p data-path-to-node=\"17\">If you have any questions about this Privacy Policy, please contact us at: <b data-path-to-node=\"17\" data-index-in-node=\"75\">digital@capoteone<\/b><strong>.com<\/strong><\/p>\t\t\t\t\t\t\t\t<\/div>\n\t\t\t\t<\/div>\n\t\t\t\t\t<\/div>\n\t\t\t\t<\/div>\n\t\t<div class=\"elementor-element elementor-element-383490d e-flex e-con-boxed wpr-particle-no wpr-jarallax-no wpr-parallax-no wpr-sticky-section-no wpr-equal-height-no e-con e-parent\" data-id=\"383490d\" data-element_type=\"container\" data-e-type=\"container\">\n\t\t\t\t\t<div class=\"e-con-inner\">\n\t\t<div class=\"elementor-element elementor-element-0496386 e-flex e-con-boxed wpr-particle-no wpr-jarallax-no wpr-parallax-no wpr-sticky-section-no wpr-equal-height-no elementor-invisible e-con e-child\" data-id=\"0496386\" data-element_type=\"container\" data-e-type=\"container\" data-settings=\"{&quot;animation&quot;:&quot;slideInLeft&quot;}\">\n\t\t\t\t\t<div class=\"e-con-inner\">\n\t\t\t\t<div class=\"elementor-element elementor-element-743834a elementor-widget elementor-widget-image\" data-id=\"743834a\" data-element_type=\"widget\" data-e-type=\"widget\" it=\"\" printer=\"\" small=\"\" business=\"\" data-widget_type=\"image.default\">\n\t\t\t\t<div class=\"elementor-widget-container\">\n\t\t\t\t\t\t\t\t\t\t\t\t\t\t\t<img fetchpriority=\"high\" decoding=\"async\" width=\"1080\" height=\"1080\" src=\"https:\/\/capotesolutions.com\/wp-content\/uploads\/2024\/11\/Team-Member-option-2-logo.png\" class=\"attachment-full size-full wp-image-1435\" alt=\"Capote Business Solutions ofrece servicios IT y alquiler de impresoras en Miami, ofreciendo soporte IT para peque\u00f1as empresas, alquiler de impresoras en Miami y soluciones tecnol\u00f3gicas confiables.\" srcset=\"https:\/\/capotesolutions.com\/wp-content\/uploads\/2024\/11\/Team-Member-option-2-logo.png.webp 1080w, https:\/\/capotesolutions.com\/wp-content\/uploads\/2024\/11\/Team-Member-option-2-logo-300x300.png.webp 300w, https:\/\/capotesolutions.com\/wp-content\/uploads\/2024\/11\/Team-Member-option-2-logo-1024x1024.png.webp 1024w, https:\/\/capotesolutions.com\/wp-content\/uploads\/2024\/11\/Team-Member-option-2-logo-150x150.png.webp 150w, https:\/\/capotesolutions.com\/wp-content\/uploads\/2024\/11\/Team-Member-option-2-logo-768x768.png.webp 768w\" sizes=\"(max-width: 1080px) 100vw, 1080px\" \/>\t\t\t\t\t\t\t\t\t\t\t\t\t\t\t<\/div>\n\t\t\t\t<\/div>\n\t\t\t\t\t<\/div>\n\t\t\t\t<\/div>\n\t\t<div class=\"elementor-element elementor-element-65a93c3 e-flex e-con-boxed wpr-particle-no wpr-jarallax-no wpr-parallax-no wpr-sticky-section-no wpr-equal-height-no elementor-invisible e-con e-child\" data-id=\"65a93c3\" data-element_type=\"container\" data-e-type=\"container\" data-settings=\"{&quot;animation&quot;:&quot;slideInRight&quot;}\">\n\t\t\t\t\t<div class=\"e-con-inner\">\n\t\t\t\t<div class=\"elementor-element elementor-element-23b8efc elementor-widget elementor-widget-heading\" data-id=\"23b8efc\" data-element_type=\"widget\" data-e-type=\"widget\" data-widget_type=\"heading.default\">\n\t\t\t\t<div class=\"elementor-widget-container\">\n\t\t\t\t\t<h2 class=\"elementor-heading-title elementor-size-default\">Nuestros servicios IT y alquiler de impresoras en Miami<\/h2>\t\t\t\t<\/div>\n\t\t\t\t<\/div>\n\t\t\t\t<div class=\"elementor-element elementor-element-e000063 wpr-dual-heading-icon-top elementor-widget elementor-widget-wpr-dual-color-heading\" data-id=\"e000063\" data-element_type=\"widget\" data-e-type=\"widget\" data-widget_type=\"wpr-dual-color-heading.default\">\n\t\t\t\t<div class=\"elementor-widget-container\">\n\t\t\t\t\t\t\t\t<div class=\"wpr-dual-heading-wrap\">\n\t\t\t\t<div class=\"wpr-dual-title-wrap\">\n\t\t\t\t\t<h3 class=\"wpr-dual-title\">\n\t\t\t\t\t\t\t\t\t\t\t<span class=\"first\">No lo dudes<\/span>\n\t\t\t\t\t\t\t\t\t\t\n\t\t\t\t\t\t\t\t\t\t\t<span class=\"second\">Cont\u00e1ctanos<\/span>\n\t\t\t\t\t\t\t\t\t\t<\/h3>\n\t\t\t\t<\/div>\n\t\t\t\t\n\t\t\t\t\n\t\t\t\t\n\t\t\t<\/div>\n\t\t\t\t\t\t<\/div>\n\t\t\t\t<\/div>\n\t\t\t\t<div class=\"elementor-element elementor-element-981ecfe elementor-widget elementor-widget-text-editor\" data-id=\"981ecfe\" data-element_type=\"widget\" data-e-type=\"widget\" data-widget_type=\"text-editor.default\">\n\t\t\t\t<div class=\"elementor-widget-container\">\n\t\t\t\t\t\t\t\t\t<p>Estamos aqu\u00ed para ayudarte a alcanzar tus objetivos empresariales con soluciones a medida que impulsan el crecimiento, la eficiencia y la innovaci\u00f3n. Si tienes alguna pregunta o necesitas asesoramiento experto, no dudes en contactarnos. Nuestro equipo est\u00e1 listo para ayudarte y brindarte el apoyo que necesitas. Cont\u00e1ctanos hoy mismo y da el primer paso hacia el \u00e9xito.<\/p>\t\t\t\t\t\t\t\t<\/div>\n\t\t\t\t<\/div>\n\t\t\t\t<div class=\"elementor-element elementor-element-aa60c59 elementor-position-left elementor-vertical-align-middle elementor-position-left elementor-vertical-align-middle elementor-widget elementor-widget-image-box\" data-id=\"aa60c59\" data-element_type=\"widget\" data-e-type=\"widget\" it=\"\" printer=\"\" small=\"\" business=\"\" data-widget_type=\"image-box.default\">\n\t\t\t\t<div class=\"elementor-widget-container\">\n\t\t\t\t\t<div class=\"elementor-image-box-wrapper\"><figure class=\"elementor-image-box-img\"><a href=\"tel:+17863984751\" tabindex=\"-1\"><img decoding=\"async\" width=\"302\" height=\"302\" src=\"https:\/\/capotesolutions.com\/wp-content\/uploads\/2024\/06\/Contact-Icon-2.png\" class=\"attachment-full size-full wp-image-536\" alt=\"Capote Business Solutions ofrece servicios IT y alquiler de impresoras en Miami, ofreciendo soporte IT para peque\u00f1as empresas, alquiler de impresoras en Miami y soluciones tecnol\u00f3gicas confiables.\" srcset=\"https:\/\/capotesolutions.com\/wp-content\/uploads\/2024\/06\/Contact-Icon-2.png 302w, https:\/\/capotesolutions.com\/wp-content\/uploads\/2024\/06\/Contact-Icon-2-300x300.png 300w, https:\/\/capotesolutions.com\/wp-content\/uploads\/2024\/06\/Contact-Icon-2-150x150.png 150w\" sizes=\"(max-width: 302px) 100vw, 302px\" \/><\/a><\/figure><div class=\"elementor-image-box-content\"><h3 class=\"elementor-image-box-title\"><a href=\"tel:+17863984751\">+1(786)-398-4751<\/a><\/h3><\/div><\/div>\t\t\t\t<\/div>\n\t\t\t\t<\/div>\n\t\t\t\t<div class=\"elementor-element elementor-element-4489336 elementor-position-left elementor-vertical-align-middle elementor-widget elementor-widget-image-box\" data-id=\"4489336\" data-element_type=\"widget\" data-e-type=\"widget\" it=\"\" printer=\"\" small=\"\" business=\"\" data-widget_type=\"image-box.default\">\n\t\t\t\t<div class=\"elementor-widget-container\">\n\t\t\t\t\t<div class=\"elementor-image-box-wrapper\"><figure class=\"elementor-image-box-img\"><a href=\"mailto:digital@capoteone.com\" tabindex=\"-1\"><img decoding=\"async\" width=\"302\" height=\"302\" src=\"https:\/\/capotesolutions.com\/wp-content\/uploads\/2024\/06\/Contact-Icon-1.png\" class=\"attachment-full size-full wp-image-535\" alt=\"Capote Business Solutions ofrece servicios IT y alquiler de impresoras en Miami, ofreciendo soporte IT para peque\u00f1as empresas, alquiler de impresoras en Miami y soluciones tecnol\u00f3gicas confiables.\" srcset=\"https:\/\/capotesolutions.com\/wp-content\/uploads\/2024\/06\/Contact-Icon-1.png 302w, https:\/\/capotesolutions.com\/wp-content\/uploads\/2024\/06\/Contact-Icon-1-300x300.png 300w, https:\/\/capotesolutions.com\/wp-content\/uploads\/2024\/06\/Contact-Icon-1-150x150.png 150w\" sizes=\"(max-width: 302px) 100vw, 302px\" \/><\/a><\/figure><div class=\"elementor-image-box-content\"><h3 class=\"elementor-image-box-title\"><a href=\"mailto:digital@capoteone.com\">digital@capoteone.com<\/a><\/h3><\/div><\/div>\t\t\t\t<\/div>\n\t\t\t\t<\/div>\n\t\t\t\t<div class=\"elementor-element elementor-element-3cc5501 wpr-button-icon-style-inline wpr-button-icon-position-right elementor-widget elementor-widget-wpr-button\" data-id=\"3cc5501\" data-element_type=\"widget\" data-e-type=\"widget\" data-widget_type=\"wpr-button.default\">\n\t\t\t\t<div class=\"elementor-widget-container\">\n\t\t\t\t\t\t\n\t\t\t\n\t\t\n\t\t<div class=\"wpr-button-wrap elementor-clearfix\">\n\t\t<a class=\"wpr-button wpr-button-effect wpr-button-none\" data-text=\"\" href=\"https:\/\/capotesolutions.com\/es\/contacto\/\">\n\t\t\t\n\t\t\t<span class=\"wpr-button-content\">\n\t\t\t\t\t\t\t\t\t<span class=\"wpr-button-text\">Talk to Our Experts<\/span>\n\t\t\t\t\t\t\t\t\n\t\t\t\t\t\t\t<\/span>\n\t\t<\/a>\n\n\t\t\t\t<\/div>\n\t\n\t\n\t\t\t\t\t<\/div>\n\t\t\t\t<\/div>\n\t\t\t\t\t<\/div>\n\t\t\t\t<\/div>\n\t\t\t\t\t<\/div>\n\t\t\t\t<\/div>\n\t\t\t\t<\/div>","protected":false},"excerpt":{"rendered":"<p>Expert IT Services Miami. Reliable cybersecurity, cloud solutions &#038; proactive IT support for businesses. Get first month off!<\/p>","protected":false},"author":1,"featured_media":5399,"parent":5416,"menu_order":0,"comment_status":"closed","ping_status":"closed","template":"elementor_canvas","meta":{"footnotes":""},"class_list":["post-5398","page","type-page","status-publish","has-post-thumbnail","hentry"],"yoast_head":"<!-- This site is optimized with the Yoast SEO Premium plugin v26.0 (Yoast SEO v27.4) - https:\/\/yoast.com\/product\/yoast-seo-premium-wordpress\/ -->\n<title>AdsWatch: Privacy Policy | Capote Business Solutions<\/title>\n<meta name=\"description\" content=\"Read the Privacy Policy for AdsWatch. Learn how we securely handle your Google Ads API data with total transparency and zero external storage.\" \/>\n<meta name=\"robots\" content=\"index, follow, max-snippet:-1, max-image-preview:large, max-video-preview:-1\" \/>\n<link rel=\"canonical\" href=\"https:\/\/capotesolutions.com\/es\/adswatch\/privacy-policy\/\" \/>\n<meta property=\"og:locale\" content=\"es_ES\" \/>\n<meta property=\"og:type\" content=\"article\" \/>\n<meta property=\"og:title\" content=\"AdsWatch: Privacy Policy\" \/>\n<meta property=\"og:description\" content=\"Read the Privacy Policy for AdsWatch. Learn how we securely handle your Google Ads API data with total transparency and zero external storage.\" \/>\n<meta property=\"og:url\" content=\"https:\/\/capotesolutions.com\/es\/adswatch\/privacy-policy\/\" \/>\n<meta property=\"og:site_name\" content=\"Capote Business Solutions\" \/>\n<meta property=\"article:modified_time\" content=\"2026-04-24T09:24:23+00:00\" \/>\n<meta property=\"og:image\" content=\"https:\/\/capotesolutions.com\/wp-content\/uploads\/2026\/04\/AppIcon_Master.png\" \/>\n\t<meta property=\"og:image:width\" content=\"1024\" \/>\n\t<meta property=\"og:image:height\" content=\"1024\" \/>\n\t<meta property=\"og:image:type\" content=\"image\/png\" \/>\n<meta name=\"twitter:card\" content=\"summary_large_image\" \/>\n<meta name=\"twitter:label1\" content=\"Tiempo de lectura\" \/>\n\t<meta name=\"twitter:data1\" content=\"3 minutos\" \/>\n<!-- \/ Yoast SEO Premium plugin. -->","yoast_head_json":{"title":"AdsWatch: Privacy Policy | Capote Business Solutions","description":"Read the Privacy Policy for AdsWatch. Learn how we securely handle your Google Ads API data with total transparency and zero external storage.","robots":{"index":"index","follow":"follow","max-snippet":"max-snippet:-1","max-image-preview":"max-image-preview:large","max-video-preview":"max-video-preview:-1"},"canonical":"https:\/\/capotesolutions.com\/es\/adswatch\/privacy-policy\/","og_locale":"es_ES","og_type":"article","og_title":"AdsWatch: Privacy Policy","og_description":"Read the Privacy Policy for AdsWatch. Learn how we securely handle your Google Ads API data with total transparency and zero external storage.","og_url":"https:\/\/capotesolutions.com\/es\/adswatch\/privacy-policy\/","og_site_name":"Capote Business Solutions","article_modified_time":"2026-04-24T09:24:23+00:00","og_image":[{"width":1024,"height":1024,"url":"https:\/\/capotesolutions.com\/wp-content\/uploads\/2026\/04\/AppIcon_Master.png","type":"image\/png"}],"twitter_card":"summary_large_image","twitter_misc":{"Tiempo de lectura":"3 minutos"},"schema":{"@context":"https:\/\/schema.org","@graph":[{"@type":"WebPage","@id":"https:\/\/capotesolutions.com\/adswatch\/privacy-policy\/","url":"https:\/\/capotesolutions.com\/adswatch\/privacy-policy\/","name":"Privacy Policy | AdsWatch App | Capote Business Solutions","isPartOf":{"@id":"https:\/\/capotesolutions.com\/#website"},"primaryImageOfPage":{"@id":"https:\/\/capotesolutions.com\/adswatch\/privacy-policy\/#primaryimage"},"image":{"@id":"https:\/\/capotesolutions.com\/adswatch\/privacy-policy\/#primaryimage"},"thumbnailUrl":"https:\/\/capotesolutions.com\/wp-content\/uploads\/2026\/04\/AppIcon_Master.png","datePublished":"2026-04-24T09:06:04+00:00","dateModified":"2026-04-24T09:24:23+00:00","description":"Read the Privacy Policy for AdsWatch. Learn how we securely handle your Google Ads API data with total transparency and zero external storage.","breadcrumb":{"@id":"https:\/\/capotesolutions.com\/adswatch\/privacy-policy\/#breadcrumb"},"inLanguage":"es","potentialAction":[{"@type":"ReadAction","target":["https:\/\/capotesolutions.com\/adswatch\/privacy-policy\/"]}]},{"@type":"ImageObject","inLanguage":"es","@id":"https:\/\/capotesolutions.com\/adswatch\/privacy-policy\/#primaryimage","url":"https:\/\/capotesolutions.com\/wp-content\/uploads\/2026\/04\/AppIcon_Master.png","contentUrl":"https:\/\/capotesolutions.com\/wp-content\/uploads\/2026\/04\/AppIcon_Master.png","width":1024,"height":1024},{"@type":"BreadcrumbList","@id":"https:\/\/capotesolutions.com\/adswatch\/privacy-policy\/#breadcrumb","itemListElement":[{"@type":"ListItem","position":1,"name":"Home","item":"https:\/\/capotesolutions.com\/"},{"@type":"ListItem","position":2,"name":"AdsWatch: Your Google Ads Insights, Now on Your Apple Watch.","item":"https:\/\/capotesolutions.com\/adswatch\/"},{"@type":"ListItem","position":3,"name":"AdsWatch: Privacy Policy"}]},{"@type":"WebSite","@id":"https:\/\/capotesolutions.com\/#website","url":"https:\/\/capotesolutions.com\/","name":"Soluciones Empresariales Capote","description":"Soluciones IT en Miami: Redes, Tel\u00e9fonos, Impresoras, Dise\u00f1o Web y m\u00e1s","publisher":{"@id":"https:\/\/capotesolutions.com\/#organization"},"potentialAction":[{"@type":"SearchAction","target":{"@type":"EntryPoint","urlTemplate":"https:\/\/capotesolutions.com\/?s={search_term_string}"},"query-input":{"@type":"PropertyValueSpecification","valueRequired":true,"valueName":"search_term_string"}}],"inLanguage":"es"},{"@type":"Organization","@id":"https:\/\/capotesolutions.com\/#organization","name":"Soluciones Empresariales Capote","url":"https:\/\/capotesolutions.com\/","logo":{"@type":"ImageObject","inLanguage":"es","@id":"https:\/\/capotesolutions.com\/#\/schema\/logo\/image\/","url":"https:\/\/capotesolutions.com\/wp-content\/uploads\/2024\/11\/Capo-LogoOficial.png","contentUrl":"https:\/\/capotesolutions.com\/wp-content\/uploads\/2024\/11\/Capo-LogoOficial.png","width":912,"height":483,"caption":"Capote Business Solutions"},"image":{"@id":"https:\/\/capotesolutions.com\/#\/schema\/logo\/image\/"}}]}},"_links":{"self":[{"href":"https:\/\/capotesolutions.com\/es\/wp-json\/wp\/v2\/pages\/5398","targetHints":{"allow":["GET"]}}],"collection":[{"href":"https:\/\/capotesolutions.com\/es\/wp-json\/wp\/v2\/pages"}],"about":[{"href":"https:\/\/capotesolutions.com\/es\/wp-json\/wp\/v2\/types\/page"}],"author":[{"embeddable":true,"href":"https:\/\/capotesolutions.com\/es\/wp-json\/wp\/v2\/users\/1"}],"replies":[{"embeddable":true,"href":"https:\/\/capotesolutions.com\/es\/wp-json\/wp\/v2\/comments?post=5398"}],"version-history":[{"count":18,"href":"https:\/\/capotesolutions.com\/es\/wp-json\/wp\/v2\/pages\/5398\/revisions"}],"predecessor-version":[{"id":5420,"href":"https:\/\/capotesolutions.com\/es\/wp-json\/wp\/v2\/pages\/5398\/revisions\/5420"}],"up":[{"embeddable":true,"href":"https:\/\/capotesolutions.com\/es\/wp-json\/wp\/v2\/pages\/5416"}],"wp:featuredmedia":[{"embeddable":true,"href":"https:\/\/capotesolutions.com\/es\/wp-json\/wp\/v2\/media\/5399"}],"wp:attachment":[{"href":"https:\/\/capotesolutions.com\/es\/wp-json\/wp\/v2\/media?parent=5398"}],"curies":[{"name":"wp","href":"https:\/\/api.w.org\/{rel}","templated":true}]}}