{"id":3080,"date":"2025-03-26T21:34:52","date_gmt":"2025-03-26T20:34:52","guid":{"rendered":"https:\/\/capotesolutions.com\/accessibility-statement\/"},"modified":"2026-04-01T21:25:03","modified_gmt":"2026-04-01T19:25:03","slug":"declaracion-de-accesibilidad","status":"publish","type":"page","link":"https:\/\/capotesolutions.com\/es\/declaracion-de-accesibilidad\/","title":{"rendered":"Capote Solutions: Accessible Web Design &#038; Digital Inclusion"},"content":{"rendered":"<div data-elementor-type=\"wp-page\" data-elementor-id=\"3080\" class=\"elementor elementor-3080\" data-elementor-post-type=\"page\">\n\t\t\t\t<div class=\"elementor-element elementor-element-274b2b58 e-flex e-con-boxed wpr-particle-no wpr-jarallax-no wpr-parallax-no wpr-sticky-section-no wpr-equal-height-no e-con e-parent\" data-id=\"274b2b58\" data-element_type=\"container\" data-e-type=\"container\">\n\t\t\t\t\t<div class=\"e-con-inner\">\n\t\t<div class=\"elementor-element elementor-element-b19207e e-con-full e-flex wpr-particle-no wpr-jarallax-no wpr-parallax-no wpr-sticky-section-no wpr-equal-height-no e-con e-child\" data-id=\"b19207e\" data-element_type=\"container\" data-e-type=\"container\">\n\t\t\t\t<div class=\"elementor-element elementor-element-02f4f0a elementor-widget elementor-widget-heading\" data-id=\"02f4f0a\" data-element_type=\"widget\" data-e-type=\"widget\" data-widget_type=\"heading.default\">\n\t\t\t\t<div class=\"elementor-widget-container\">\n\t\t\t\t\t<h1 class=\"elementor-heading-title elementor-size-default\">Declaraci\u00f3n de accesibilidad para https:\/\/capotesolutions.com\n<\/h1>\t\t\t\t<\/div>\n\t\t\t\t<\/div>\n\t\t\t\t<\/div>\n\t\t\t\t<div class=\"elementor-element elementor-element-6bb8f1b3 elementor-widget elementor-widget-text-editor\" data-id=\"6bb8f1b3\" data-element_type=\"widget\" data-e-type=\"widget\" data-widget_type=\"text-editor.default\">\n\t\t\t\t<div class=\"elementor-widget-container\">\n\t\t\t\t\t\t\t\t\t<p>\u00a0<\/p>\n<p><\/p>\n<h6 class=\"wp-block-heading has-text-align-center\"><strong style=\"text-align: start; font-size: 14px;\">Soluciones Empresariales Capote<\/strong><span style=\"text-align: start; font-size: 14px;\"> Nos comprometemos a garantizar la accesibilidad digital para las personas con discapacidad. Mejoramos continuamente la experiencia de usuario para todos y aplicamos los est\u00e1ndares de accesibilidad pertinentes.<\/span><\/h6>\n<p><\/p>\n<h6 class=\"wp-block-heading\">Estado de conformidad<\/h6>\n<p><\/p>\n<p>Las Pautas de Accesibilidad al Contenido Web (WCAG) definen los requisitos que deben cumplir los dise\u00f1adores y desarrolladores para mejorar la accesibilidad para las personas con discapacidad. Definen tres niveles de conformidad: Nivel A, Nivel AA y Nivel AAA.<\/p>\n<p><\/p>\n<p><strong>Soluciones Empresariales Capote<\/strong> est\u00e1 realizando esfuerzos constantes para mejorar la accesibilidad de su sitio y sus servicios en la creencia de que es nuestra obligaci\u00f3n moral colectiva permitir un uso fluido, accesible y sin obst\u00e1culos para aquellos de nosotros con discapacidades.<\/p>\n<p><\/p>\n<p>Nuestro objetivo es que todas las p\u00e1ginas y el contenido est\u00e9n en <strong>https:\/\/capotesolutions.com<\/strong> Accesible, pero es posible que algunos contenidos a\u00fan no cumplan plenamente con los est\u00e1ndares de accesibilidad m\u00e1s exigentes. Esto podr\u00eda deberse a dificultades para identificar la soluci\u00f3n tecnol\u00f3gica m\u00e1s adecuada.<\/p>\n<p><\/p>\n<p>Podemos revisar esta Declaraci\u00f3n peri\u00f3dicamente para reflejar mejoras o cambios en nuestras pr\u00e1cticas de accesibilidad.<\/p>\n<p><\/p>\n<h6 class=\"wp-block-heading\">Comentario<\/h6>\n<p><\/p>\n<p>Agradecemos sus comentarios sobre la accesibilidad de <strong>Soluciones Empresariales Capote<\/strong> Sitio web. Por favor, inf\u00f3rmenos si encuentra alguna barrera de accesibilidad en nuestro sitio web:<\/p>\n<p><\/p>\n<p>Correo electr\u00f3nico: <strong>info@capotesolutions.com<\/strong><\/p>\n<p><\/p>\n<p>Intentamos responder a los comentarios en un plazo de 3 a 5 d\u00edas h\u00e1biles.<\/p>\n<p><\/p>\n<p>Esta declaraci\u00f3n fue creada el 26\/3\/2025.<\/p>\n<p><\/p>\t\t\t\t\t\t\t\t<\/div>\n\t\t\t\t<\/div>\n\t\t\t\t\t<\/div>\n\t\t\t\t<\/div>\n\t\t\t\t<\/div>","protected":false},"excerpt":{"rendered":"<p>Capote Solutions is committed to digital accessibility. We strive to make our website usable for everyone. Learn about our efforts and provide feedback.<\/p>","protected":false},"author":1,"featured_media":0,"parent":0,"menu_order":0,"comment_status":"closed","ping_status":"closed","template":"","meta":{"footnotes":""},"class_list":["post-3080","page","type-page","status-publish","hentry"],"yoast_head":"<!-- This site is optimized with the Yoast SEO Premium plugin v26.0 (Yoast SEO v27.4) - https:\/\/yoast.com\/product\/yoast-seo-premium-wordpress\/ -->\n<title>Capote Solutions: Accessible Web Design &amp; Digital Inclusion | Capote Business Solutions<\/title>\n<meta name=\"robots\" content=\"index, follow, max-snippet:-1, max-image-preview:large, max-video-preview:-1\" \/>\n<link rel=\"canonical\" href=\"https:\/\/capotesolutions.com\/es\/declaracion-de-accesibilidad\/\" \/>\n<meta property=\"og:locale\" content=\"es_ES\" \/>\n<meta property=\"og:type\" content=\"article\" \/>\n<meta property=\"og:title\" content=\"Capote Solutions: Accessible Web Design &amp; Digital Inclusion\" \/>\n<meta property=\"og:description\" content=\"Capote Solutions is committed to digital accessibility. We strive to make our website usable for everyone. Learn about our efforts and provide feedback.\" \/>\n<meta property=\"og:url\" content=\"https:\/\/capotesolutions.com\/es\/declaracion-de-accesibilidad\/\" \/>\n<meta property=\"og:site_name\" content=\"Capote Business Solutions\" \/>\n<meta property=\"article:modified_time\" content=\"2026-04-01T19:25:03+00:00\" \/>\n<meta name=\"twitter:card\" content=\"summary_large_image\" \/>\n<meta name=\"twitter:label1\" content=\"Tiempo de lectura\" \/>\n\t<meta name=\"twitter:data1\" content=\"1 minuto\" \/>\n<!-- \/ Yoast SEO Premium plugin. -->","yoast_head_json":{"title":"Capote Solutions: Accessible Web Design &amp; Digital Inclusion | Capote Business Solutions","robots":{"index":"index","follow":"follow","max-snippet":"max-snippet:-1","max-image-preview":"max-image-preview:large","max-video-preview":"max-video-preview:-1"},"canonical":"https:\/\/capotesolutions.com\/es\/declaracion-de-accesibilidad\/","og_locale":"es_ES","og_type":"article","og_title":"Capote Solutions: Accessible Web Design & Digital Inclusion","og_description":"Capote Solutions is committed to digital accessibility. We strive to make our website usable for everyone. Learn about our efforts and provide feedback.","og_url":"https:\/\/capotesolutions.com\/es\/declaracion-de-accesibilidad\/","og_site_name":"Capote Business Solutions","article_modified_time":"2026-04-01T19:25:03+00:00","twitter_card":"summary_large_image","twitter_misc":{"Tiempo de lectura":"1 minuto"},"schema":{"@context":"https:\/\/schema.org","@graph":[{"@type":"WebPage","@id":"https:\/\/capotesolutions.com\/accessibility-statement\/","url":"https:\/\/capotesolutions.com\/accessibility-statement\/","name":"Capote Solutions: Accessible Web Design & Digital Inclusion - Capote Business Solutions","isPartOf":{"@id":"https:\/\/capotesolutions.com\/#website"},"datePublished":"2025-03-26T20:34:52+00:00","dateModified":"2026-04-01T19:25:03+00:00","breadcrumb":{"@id":"https:\/\/capotesolutions.com\/accessibility-statement\/#breadcrumb"},"inLanguage":"es","potentialAction":[{"@type":"ReadAction","target":["https:\/\/capotesolutions.com\/accessibility-statement\/"]}]},{"@type":"BreadcrumbList","@id":"https:\/\/capotesolutions.com\/accessibility-statement\/#breadcrumb","itemListElement":[{"@type":"ListItem","position":1,"name":"Home","item":"https:\/\/capotesolutions.com\/"},{"@type":"ListItem","position":2,"name":"Capote Solutions: Accessible Web Design &#038; Digital Inclusion"}]},{"@type":"WebSite","@id":"https:\/\/capotesolutions.com\/#website","url":"https:\/\/capotesolutions.com\/","name":"Soluciones Empresariales Capote","description":"Soluciones IT en Miami: Redes, Tel\u00e9fonos, Impresoras, Dise\u00f1o Web y m\u00e1s","publisher":{"@id":"https:\/\/capotesolutions.com\/#organization"},"potentialAction":[{"@type":"SearchAction","target":{"@type":"EntryPoint","urlTemplate":"https:\/\/capotesolutions.com\/?s={search_term_string}"},"query-input":{"@type":"PropertyValueSpecification","valueRequired":true,"valueName":"search_term_string"}}],"inLanguage":"es"},{"@type":"Organization","@id":"https:\/\/capotesolutions.com\/#organization","name":"Soluciones Empresariales Capote","url":"https:\/\/capotesolutions.com\/","logo":{"@type":"ImageObject","inLanguage":"es","@id":"https:\/\/capotesolutions.com\/#\/schema\/logo\/image\/","url":"https:\/\/capotesolutions.com\/wp-content\/uploads\/2024\/11\/Capo-LogoOficial.png","contentUrl":"https:\/\/capotesolutions.com\/wp-content\/uploads\/2024\/11\/Capo-LogoOficial.png","width":912,"height":483,"caption":"Capote Business Solutions"},"image":{"@id":"https:\/\/capotesolutions.com\/#\/schema\/logo\/image\/"}}]}},"_links":{"self":[{"href":"https:\/\/capotesolutions.com\/es\/wp-json\/wp\/v2\/pages\/3080","targetHints":{"allow":["GET"]}}],"collection":[{"href":"https:\/\/capotesolutions.com\/es\/wp-json\/wp\/v2\/pages"}],"about":[{"href":"https:\/\/capotesolutions.com\/es\/wp-json\/wp\/v2\/types\/page"}],"author":[{"embeddable":true,"href":"https:\/\/capotesolutions.com\/es\/wp-json\/wp\/v2\/users\/1"}],"replies":[{"embeddable":true,"href":"https:\/\/capotesolutions.com\/es\/wp-json\/wp\/v2\/comments?post=3080"}],"version-history":[{"count":13,"href":"https:\/\/capotesolutions.com\/es\/wp-json\/wp\/v2\/pages\/3080\/revisions"}],"predecessor-version":[{"id":5274,"href":"https:\/\/capotesolutions.com\/es\/wp-json\/wp\/v2\/pages\/3080\/revisions\/5274"}],"wp:attachment":[{"href":"https:\/\/capotesolutions.com\/es\/wp-json\/wp\/v2\/media?parent=3080"}],"curies":[{"name":"wp","href":"https:\/\/api.w.org\/{rel}","templated":true}]}}