{"id":1747,"date":"2024-12-01T11:49:46","date_gmt":"2024-12-01T10:49:46","guid":{"rendered":"https:\/\/capotesolutions.com\/?page_id=1747"},"modified":"2026-04-01T21:25:55","modified_gmt":"2026-04-01T19:25:55","slug":"gracias","status":"publish","type":"page","link":"https:\/\/capotesolutions.com\/es\/gracias\/","title":{"rendered":"Book Your Free Consultation | Expert Solutions"},"content":{"rendered":"<div data-elementor-type=\"wp-page\" data-elementor-id=\"1747\" class=\"elementor elementor-1747\" data-elementor-post-type=\"page\">\n\t\t\t\t<div class=\"elementor-element elementor-element-b6bc663 e-flex e-con-boxed wpr-particle-no wpr-jarallax-no wpr-parallax-no wpr-sticky-section-no wpr-equal-height-no e-con e-parent\" data-id=\"b6bc663\" data-element_type=\"container\" data-e-type=\"container\" data-settings=\"{&quot;background_background&quot;:&quot;classic&quot;,&quot;shape_divider_bottom&quot;:&quot;waves&quot;}\">\n\t\t\t\t\t<div class=\"e-con-inner\">\n\t\t\t\t<div class=\"elementor-shape elementor-shape-bottom\" aria-hidden=\"true\" data-negative=\"false\">\n\t\t\t<svg xmlns=\"http:\/\/www.w3.org\/2000\/svg\" viewbox=\"0 0 1000 100\" preserveaspectratio=\"none\">\n\t<path class=\"elementor-shape-fill\" d=\"M421.9,6.5c22.6-2.5,51.5,0.4,75.5,5.3c23.6,4.9,70.9,23.5,100.5,35.7c75.8,32.2,133.7,44.5,192.6,49.7\tc23.6,2.1,48.7,3.5,103.4-2.5c54.7-6,106.2-25.6,106.2-25.6V0H0v30.3c0,0,72,32.6,158.4,30.5c39.2-0.7,92.8-6.7,134-22.4\tc21.2-8.1,52.2-18.2,79.7-24.2C399.3,7.9,411.6,7.5,421.9,6.5z\"\/>\n<\/svg>\t\t<\/div>\n\t\t\t\t<div class=\"elementor-element elementor-element-b454b7c elementor-widget elementor-widget-heading\" data-id=\"b454b7c\" data-element_type=\"widget\" data-e-type=\"widget\" data-widget_type=\"heading.default\">\n\t\t\t\t<div class=\"elementor-widget-container\">\n\t\t\t\t\t<h1 class=\"elementor-heading-title elementor-size-default\">\u00a1Gracias!<\/h1>\t\t\t\t<\/div>\n\t\t\t\t<\/div>\n\t\t\t\t\t<\/div>\n\t\t\t\t<\/div>\n\t\t<div class=\"elementor-element elementor-element-55f248b e-flex e-con-boxed wpr-particle-no wpr-jarallax-no wpr-parallax-no wpr-sticky-section-no wpr-equal-height-no e-con e-parent\" data-id=\"55f248b\" data-element_type=\"container\" data-e-type=\"container\" data-settings=\"{&quot;background_background&quot;:&quot;gradient&quot;}\">\n\t\t\t\t\t<div class=\"e-con-inner\">\n\t\t<div class=\"elementor-element elementor-element-179614a e-con-full e-flex wpr-particle-no wpr-jarallax-no wpr-parallax-no wpr-sticky-section-no wpr-equal-height-no e-con e-child\" data-id=\"179614a\" data-element_type=\"container\" data-e-type=\"container\">\n\t\t\t\t<div class=\"elementor-element elementor-element-ed2b4c7 elementor-invisible elementor-widget elementor-widget-image\" data-id=\"ed2b4c7\" data-element_type=\"widget\" data-e-type=\"widget\" data-settings=\"{&quot;_animation&quot;:&quot;fadeIn&quot;}\" data-widget_type=\"image.default\">\n\t\t\t\t<div class=\"elementor-widget-container\">\n\t\t\t\t\t\t\t\t\t\t\t\t\t\t\t<img fetchpriority=\"high\" decoding=\"async\" width=\"265\" height=\"300\" src=\"https:\/\/capotesolutions.com\/wp-content\/uploads\/2024\/06\/picture-1-265x300.png\" class=\"attachment-medium size-medium wp-image-318\" alt=\"Capote Business Solutions ofrece servicios IT y alquiler de impresoras en Miami, ofreciendo soporte IT para peque\u00f1as empresas, alquiler de impresoras en Miami y soluciones tecnol\u00f3gicas confiables.\" srcset=\"https:\/\/capotesolutions.com\/wp-content\/uploads\/2024\/06\/picture-1-265x300.png 265w, https:\/\/capotesolutions.com\/wp-content\/uploads\/2024\/06\/picture-1.png 618w\" sizes=\"(max-width: 265px) 100vw, 265px\" \/>\t\t\t\t\t\t\t\t\t\t\t\t\t\t\t<\/div>\n\t\t\t\t<\/div>\n\t\t\t\t<\/div>\n\t\t<div class=\"elementor-element elementor-element-1aab0ac e-con-full e-flex wpr-particle-no wpr-jarallax-no wpr-parallax-no wpr-sticky-section-no wpr-equal-height-no elementor-invisible e-con e-child\" data-id=\"1aab0ac\" data-element_type=\"container\" data-e-type=\"container\" data-settings=\"{&quot;animation&quot;:&quot;slideInRight&quot;}\">\n\t\t\t\t<div class=\"elementor-element elementor-element-e2182ff elementor-widget elementor-widget-heading\" data-id=\"e2182ff\" data-element_type=\"widget\" data-e-type=\"widget\" data-widget_type=\"heading.default\">\n\t\t\t\t<div class=\"elementor-widget-container\">\n\t\t\t\t\t<h2 class=\"elementor-heading-title elementor-size-default\">\u00a1Consulta recibida!<\/h2>\t\t\t\t<\/div>\n\t\t\t\t<\/div>\n\t\t\t\t<div class=\"elementor-element elementor-element-e7148d6 wpr-dual-heading-icon-top elementor-widget elementor-widget-wpr-dual-color-heading\" data-id=\"e7148d6\" data-element_type=\"widget\" data-e-type=\"widget\" data-widget_type=\"wpr-dual-color-heading.default\">\n\t\t\t\t<div class=\"elementor-widget-container\">\n\t\t\t\t\t\t\t\t<div class=\"wpr-dual-heading-wrap\">\n\t\t\t\t<div class=\"wpr-dual-title-wrap\">\n\t\t\t\t\t<h2 class=\"wpr-dual-title\">\n\t\t\t\t\t\t\t\t\t\t\t<span class=\"first\">Gracias por <\/span>\n\t\t\t\t\t\t\t\t\t\t\n\t\t\t\t\t\t\t\t\t\t\t<span class=\"second\">Extender la mano<\/span>\n\t\t\t\t\t\t\t\t\t\t<\/h2>\n\t\t\t\t<\/div>\n\t\t\t\t\n\t\t\t\t\n\t\t\t\t\n\t\t\t<\/div>\n\t\t\t\t\t\t<\/div>\n\t\t\t\t<\/div>\n\t\t\t\t<div class=\"elementor-element elementor-element-0e691a1 elementor-widget elementor-widget-text-editor\" data-id=\"0e691a1\" data-element_type=\"widget\" data-e-type=\"widget\" data-widget_type=\"text-editor.default\">\n\t\t\t\t<div class=\"elementor-widget-container\">\n\t\t\t\t\t\t\t\t\t<h4>Hemos recibido su mensaje y nos comunicaremos con usted lo antes posible para programar su consulta gratuita.<\/h4>\t\t\t\t\t\t\t\t<\/div>\n\t\t\t\t<\/div>\n\t\t\t\t<div class=\"elementor-element elementor-element-d405943 wpr-button-icon-style-inline wpr-button-icon-position-right elementor-invisible elementor-widget elementor-widget-wpr-button\" data-id=\"d405943\" data-element_type=\"widget\" data-e-type=\"widget\" data-settings=\"{&quot;_animation&quot;:&quot;zoomIn&quot;,&quot;_animation_delay&quot;:300}\" data-widget_type=\"wpr-button.default\">\n\t\t\t\t<div class=\"elementor-widget-container\">\n\t\t\t\t\t\t\n\t\t\t\n\t\t\n\t\t<div class=\"wpr-button-wrap elementor-clearfix\">\n\t\t<a class=\"wpr-button wpr-button-effect wpr-button-none\" data-text=\"\" href=\"https:\/\/capotesolutions.com\/es\/servicios\/\">\n\t\t\t\n\t\t\t<span class=\"wpr-button-content\">\n\t\t\t\t\t\t\t\t\t<span class=\"wpr-button-text\">Explore Our Solutions<\/span>\n\t\t\t\t\t\t\t\t\n\t\t\t\t\t\t\t<\/span>\n\t\t<\/a>\n\n\t\t\t\t<\/div>\n\t\n\t\n\t\t\t\t\t<\/div>\n\t\t\t\t<\/div>\n\t\t\t\t<\/div>\n\t\t\t\t\t<\/div>\n\t\t\t\t<\/div>\n\t\t\t\t<\/div>","protected":false},"excerpt":{"rendered":"<p>Free consultation received! We&#8217;ll contact you soon to schedule. Explore our solutions.<\/p>","protected":false},"author":1,"featured_media":0,"parent":0,"menu_order":0,"comment_status":"closed","ping_status":"closed","template":"","meta":{"footnotes":""},"class_list":["post-1747","page","type-page","status-publish","hentry"],"yoast_head":"<!-- This site is optimized with the Yoast SEO Premium plugin v26.0 (Yoast SEO v27.5) - https:\/\/yoast.com\/product\/yoast-seo-premium-wordpress\/ -->\n<title>Book Your Free Consultation | Expert Solutions | Capote Business Solutions<\/title>\n<meta name=\"description\" content=\"Thank you for reaching out to Capote Solutions. Your message has been received, and we will get back to you shortly. We look forward to helping you with all your business needs.\" \/>\n<meta name=\"robots\" content=\"index, follow, max-snippet:-1, max-image-preview:large, max-video-preview:-1\" \/>\n<link rel=\"canonical\" href=\"https:\/\/capotesolutions.com\/es\/gracias\/\" \/>\n<meta property=\"og:locale\" content=\"es_ES\" \/>\n<meta property=\"og:type\" content=\"article\" \/>\n<meta property=\"og:title\" content=\"Book Your Free Consultation | Expert Solutions\" \/>\n<meta property=\"og:description\" content=\"Thank you for reaching out to Capote Solutions. Your message has been received, and we will get back to you shortly. We look forward to helping you with all your business needs.\" \/>\n<meta property=\"og:url\" content=\"https:\/\/capotesolutions.com\/es\/gracias\/\" \/>\n<meta property=\"og:site_name\" content=\"Capote Business Solutions\" \/>\n<meta property=\"article:modified_time\" content=\"2026-04-01T19:25:55+00:00\" \/>\n<meta property=\"og:image\" content=\"https:\/\/capotesolutions.com\/wp-content\/uploads\/2024\/06\/picture-1.png\" \/>\n\t<meta property=\"og:image:width\" content=\"618\" \/>\n\t<meta property=\"og:image:height\" content=\"700\" \/>\n\t<meta property=\"og:image:type\" content=\"image\/png\" \/>\n<meta name=\"twitter:card\" content=\"summary_large_image\" \/>\n<meta name=\"twitter:label1\" content=\"Tiempo de lectura\" \/>\n\t<meta name=\"twitter:data1\" content=\"1 minuto\" \/>\n<!-- \/ Yoast SEO Premium plugin. -->","yoast_head_json":{"title":"Book Your Free Consultation | Expert Solutions | Capote Business Solutions","description":"Gracias por contactar con Capote Solutions. Hemos recibido su mensaje y nos pondremos en contacto con usted en breve. Esperamos poder ayudarle con todas sus necesidades empresariales.","robots":{"index":"index","follow":"follow","max-snippet":"max-snippet:-1","max-image-preview":"max-image-preview:large","max-video-preview":"max-video-preview:-1"},"canonical":"https:\/\/capotesolutions.com\/es\/gracias\/","og_locale":"es_ES","og_type":"article","og_title":"Book Your Free Consultation | Expert Solutions","og_description":"Thank you for reaching out to Capote Solutions. Your message has been received, and we will get back to you shortly. We look forward to helping you with all your business needs.","og_url":"https:\/\/capotesolutions.com\/es\/gracias\/","og_site_name":"Capote Business Solutions","article_modified_time":"2026-04-01T19:25:55+00:00","og_image":[{"width":618,"height":700,"url":"https:\/\/capotesolutions.com\/wp-content\/uploads\/2024\/06\/picture-1.png","type":"image\/png"}],"twitter_card":"summary_large_image","twitter_misc":{"Tiempo de lectura":"1 minuto"},"schema":{"@context":"https:\/\/schema.org","@graph":[{"@type":"WebPage","@id":"https:\/\/capotesolutions.com\/thank-you\/","url":"https:\/\/capotesolutions.com\/thank-you\/","name":"Book Your Free Consultation | Expert Solutions - Capote Business Solutions - We Appreciate Your Submission","isPartOf":{"@id":"https:\/\/capotesolutions.com\/#website"},"primaryImageOfPage":{"@id":"https:\/\/capotesolutions.com\/thank-you\/#primaryimage"},"image":{"@id":"https:\/\/capotesolutions.com\/thank-you\/#primaryimage"},"thumbnailUrl":"https:\/\/capotesolutions.com\/wp-content\/uploads\/2024\/06\/picture-1-265x300.png","datePublished":"2024-12-01T10:49:46+00:00","dateModified":"2026-04-01T19:25:55+00:00","description":"Gracias por contactar con Capote Solutions. Hemos recibido su mensaje y nos pondremos en contacto con usted en breve. Esperamos poder ayudarle con todas sus necesidades empresariales.","breadcrumb":{"@id":"https:\/\/capotesolutions.com\/thank-you\/#breadcrumb"},"inLanguage":"es","potentialAction":[{"@type":"ReadAction","target":["https:\/\/capotesolutions.com\/thank-you\/"]}]},{"@type":"ImageObject","inLanguage":"es","@id":"https:\/\/capotesolutions.com\/thank-you\/#primaryimage","url":"https:\/\/capotesolutions.com\/wp-content\/uploads\/2024\/06\/picture-1-265x300.png","contentUrl":"https:\/\/capotesolutions.com\/wp-content\/uploads\/2024\/06\/picture-1-265x300.png"},{"@type":"BreadcrumbList","@id":"https:\/\/capotesolutions.com\/thank-you\/#breadcrumb","itemListElement":[{"@type":"ListItem","position":1,"name":"Home","item":"https:\/\/capotesolutions.com\/"},{"@type":"ListItem","position":2,"name":"Book Your Free Consultation | Expert Solutions"}]},{"@type":"WebSite","@id":"https:\/\/capotesolutions.com\/#website","url":"https:\/\/capotesolutions.com\/","name":"Soluciones Empresariales Capote","description":"Soluciones IT en Miami: Redes, Tel\u00e9fonos, Impresoras, Dise\u00f1o Web y m\u00e1s","publisher":{"@id":"https:\/\/capotesolutions.com\/#organization"},"potentialAction":[{"@type":"SearchAction","target":{"@type":"EntryPoint","urlTemplate":"https:\/\/capotesolutions.com\/?s={search_term_string}"},"query-input":{"@type":"PropertyValueSpecification","valueRequired":true,"valueName":"search_term_string"}}],"inLanguage":"es"},{"@type":"Organization","@id":"https:\/\/capotesolutions.com\/#organization","name":"Soluciones Empresariales Capote","url":"https:\/\/capotesolutions.com\/","logo":{"@type":"ImageObject","inLanguage":"es","@id":"https:\/\/capotesolutions.com\/#\/schema\/logo\/image\/","url":"https:\/\/capotesolutions.com\/wp-content\/uploads\/2024\/11\/Capo-LogoOficial.png","contentUrl":"https:\/\/capotesolutions.com\/wp-content\/uploads\/2024\/11\/Capo-LogoOficial.png","width":912,"height":483,"caption":"Capote Business Solutions"},"image":{"@id":"https:\/\/capotesolutions.com\/#\/schema\/logo\/image\/"}}]}},"_links":{"self":[{"href":"https:\/\/capotesolutions.com\/es\/wp-json\/wp\/v2\/pages\/1747","targetHints":{"allow":["GET"]}}],"collection":[{"href":"https:\/\/capotesolutions.com\/es\/wp-json\/wp\/v2\/pages"}],"about":[{"href":"https:\/\/capotesolutions.com\/es\/wp-json\/wp\/v2\/types\/page"}],"author":[{"embeddable":true,"href":"https:\/\/capotesolutions.com\/es\/wp-json\/wp\/v2\/users\/1"}],"replies":[{"embeddable":true,"href":"https:\/\/capotesolutions.com\/es\/wp-json\/wp\/v2\/comments?post=1747"}],"version-history":[{"count":24,"href":"https:\/\/capotesolutions.com\/es\/wp-json\/wp\/v2\/pages\/1747\/revisions"}],"predecessor-version":[{"id":5278,"href":"https:\/\/capotesolutions.com\/es\/wp-json\/wp\/v2\/pages\/1747\/revisions\/5278"}],"wp:attachment":[{"href":"https:\/\/capotesolutions.com\/es\/wp-json\/wp\/v2\/media?parent=1747"}],"curies":[{"name":"wp","href":"https:\/\/api.w.org\/{rel}","templated":true}]}}