{"id":1209,"date":"2024-06-18T16:14:39","date_gmt":"2024-06-18T14:14:39","guid":{"rendered":"https:\/\/demosites.royal-elementor-addons.com\/software-company-v1\/?page_id=10"},"modified":"2026-04-01T21:13:49","modified_gmt":"2026-04-01T19:13:49","slug":"area-de-clientes","status":"publish","type":"page","link":"https:\/\/capotesolutions.com\/es\/area-de-clientes\/","title":{"rendered":"Capote Solutions Customer Area: Your Hub for Support &#038; Service Management"},"content":{"rendered":"<div data-elementor-type=\"wp-page\" data-elementor-id=\"1209\" class=\"elementor elementor-1209\" data-elementor-post-type=\"page\">\n\t\t\t\t<div class=\"elementor-element elementor-element-562eb9d e-flex e-con-boxed wpr-particle-no wpr-jarallax-no wpr-parallax-no wpr-sticky-section-no wpr-equal-height-no e-con e-parent\" data-id=\"562eb9d\" data-element_type=\"container\" data-e-type=\"container\" data-settings=\"{&quot;background_background&quot;:&quot;classic&quot;,&quot;shape_divider_bottom&quot;:&quot;waves&quot;}\">\n\t\t\t\t\t<div class=\"e-con-inner\">\n\t\t\t\t<div class=\"elementor-shape elementor-shape-bottom\" aria-hidden=\"true\" data-negative=\"false\">\n\t\t\t<svg xmlns=\"http:\/\/www.w3.org\/2000\/svg\" viewbox=\"0 0 1000 100\" preserveaspectratio=\"none\">\n\t<path class=\"elementor-shape-fill\" d=\"M421.9,6.5c22.6-2.5,51.5,0.4,75.5,5.3c23.6,4.9,70.9,23.5,100.5,35.7c75.8,32.2,133.7,44.5,192.6,49.7\tc23.6,2.1,48.7,3.5,103.4-2.5c54.7-6,106.2-25.6,106.2-25.6V0H0v30.3c0,0,72,32.6,158.4,30.5c39.2-0.7,92.8-6.7,134-22.4\tc21.2-8.1,52.2-18.2,79.7-24.2C399.3,7.9,411.6,7.5,421.9,6.5z\"\/>\n<\/svg>\t\t<\/div>\n\t\t\t\t<div class=\"elementor-element elementor-element-f865663 elementor-widget elementor-widget-heading\" data-id=\"f865663\" data-element_type=\"widget\" data-e-type=\"widget\" data-widget_type=\"heading.default\">\n\t\t\t\t<div class=\"elementor-widget-container\">\n\t\t\t\t\t<h1 class=\"elementor-heading-title elementor-size-default\">\u00c1rea de clientes<\/h1>\t\t\t\t<\/div>\n\t\t\t\t<\/div>\n\t\t\t\t\t<\/div>\n\t\t\t\t<\/div>\n\t\t<div class=\"elementor-element elementor-element-af42d27 e-con-full e-flex wpr-particle-no wpr-jarallax-no wpr-parallax-no wpr-sticky-section-no wpr-equal-height-no e-con e-parent\" data-id=\"af42d27\" data-element_type=\"container\" data-e-type=\"container\">\n\t\t<div class=\"elementor-element elementor-element-7fefb0d e-flex e-con-boxed wpr-particle-no wpr-jarallax-no wpr-parallax-no wpr-sticky-section-no wpr-equal-height-no e-con e-child\" data-id=\"7fefb0d\" data-element_type=\"container\" data-e-type=\"container\">\n\t\t\t\t\t<div class=\"e-con-inner\">\n\t\t\t\t<div class=\"elementor-element elementor-element-4f33d46 elementor-hidden-desktop elementor-hidden-laptop elementor-hidden-tablet elementor-hidden-mobile elementor-widget elementor-widget-login\" data-id=\"4f33d46\" data-element_type=\"widget\" data-e-type=\"widget\" data-widget_type=\"login.default\">\n\t\t\t\t<div class=\"elementor-widget-container\">\n\t\t\t\t\t\t\t<form class=\"elementor-login elementor-form\" method=\"post\" action=\"https:\/\/capotesolutions.com\/wp-login.php\" aria-label=\"Login form\">\r\n\t\t\t<input type=\"hidden\" name=\"redirect_to\" value=\"https:\/\/capotesolutions.com\/customer-portal\/\">\r\n\t\t\t<div class=\"elementor-form-fields-wrapper\">\r\n\t\t\t\t<div class=\"elementor-field-type-text elementor-field-group elementor-column elementor-col-100 elementor-field-required\">\r\n\t\t\t\t\t<label for=\"user-4f33d46\" class=\"elementor-field-label\">Nombre de usuario o direcci\u00f3n de correo electr\u00f3nico<\/label>\r\n\t\t\t\t\t<input size=\"1\" type=\"text\" name=\"log\" id=\"user-4f33d46\" placeholder=\"\" class=\"elementor-field elementor-field-textual elementor-size-sm\">\r\n\t\t\t\t<\/div>\r\n\t\t\t\t<div class=\"elementor-field-type-text elementor-field-group elementor-column elementor-col-100 elementor-field-required\">\r\n\t\t\t\t\t<label for=\"password-4f33d46\" class=\"elementor-field-label\">Contrase\u00f1a<\/label>\r\n\t\t\t\t\t<input size=\"1\" type=\"password\" name=\"pwd\" id=\"password-4f33d46\" placeholder=\"\" class=\"elementor-field elementor-field-textual elementor-size-sm\">\r\n\t\t\t\t<\/div>\r\n\r\n\t\t\t\t\t\t\t\t\t<div class=\"elementor-field-type-checkbox elementor-field-group elementor-column elementor-col-100 elementor-remember-me\">\r\n\t\t\t\t\t\t<label for=\"elementor-login-remember-me\">\r\n\t\t\t\t\t\t\t<input type=\"checkbox\" id=\"elementor-login-remember-me\" name=\"rememberme\" value=\"forever\">\r\n\t\t\t\t\t\t\tRemember Me\t\t\t\t\t\t<\/label>\r\n\t\t\t\t\t<\/div>\r\n\t\t\t\t\r\n\t\t\t\t<div class=\"elementor-field-group elementor-column elementor-field-type-submit elementor-col-100\">\r\n\t\t\t\t\t<button type=\"submit\" class=\"elementor-size-sm elementor-button\" name=\"wp-submit\">\r\n\t\t\t\t\t\t\t\t\t\t\t\t\t\t\t<span class=\"elementor-button-text\">Acceso<\/span>\r\n\t\t\t\t\t\t\t\t\t\t\t\t<\/button>\r\n\t\t\t\t<\/div>\r\n\r\n\t\t\t\t\t\t\t\t\t<div class=\"elementor-field-group elementor-column elementor-col-100\">\r\n\t\t\t\t\t\t\t\t\t\t\t\t\t\t\t\t\t\t\t\t<a class=\"elementor-lost-password\" href=\"https:\/\/capotesolutions.com\/wp-login.php?action=lostpassword&redirect_to=https%3A%2F%2Fcapotesolutions.com%2Fcustomer-portal%2F\">\r\n\t\t\t\t\t\t\t\tLost your password?\t\t\t\t\t\t\t<\/a>\r\n\t\t\t\t\t\t\r\n\t\t\t\t\t\t\t\t\t\t\t\t\t\t\t\t\t\t\t\t\t<span class=\"elementor-login-separator\"> | <\/span>\r\n\t\t\t\t\t\t\t\t\t\t\t\t\t\t\t\t\t\t\t\t\t<a class=\"elementor-register\" href=\"https:\/\/capotesolutions.com\/wp-login.php?action=register\">\r\n\t\t\t\t\t\t\t\tRegister\t\t\t\t\t\t\t<\/a>\r\n\t\t\t\t\t\t\t\t\t\t\t<\/div>\r\n\t\t\t\t\t\t\t<\/div>\r\n\t\t<\/form>\r\n\t\t\t\t\t\t<\/div>\n\t\t\t\t<\/div>\n\t\t\t\t\t<\/div>\n\t\t\t\t<\/div>\n\t\t\t\t<div class=\"elementor-element elementor-element-5551bd6 elementor-widget elementor-widget-heading\" data-id=\"5551bd6\" data-element_type=\"widget\" data-e-type=\"widget\" data-widget_type=\"heading.default\">\n\t\t\t\t<div class=\"elementor-widget-container\">\n\t\t\t\t\t<h2 class=\"elementor-heading-title elementor-size-default\">Tu \u00e1rea<\/h2>\t\t\t\t<\/div>\n\t\t\t\t<\/div>\n\t\t\t\t<div class=\"elementor-element elementor-element-d60498b wpr-dual-heading-icon-top elementor-widget elementor-widget-wpr-dual-color-heading\" data-id=\"d60498b\" data-element_type=\"widget\" data-e-type=\"widget\" data-widget_type=\"wpr-dual-color-heading.default\">\n\t\t\t\t<div class=\"elementor-widget-container\">\n\t\t\t\t\t\t\t\t<div class=\"wpr-dual-heading-wrap\">\n\t\t\t\t<div class=\"wpr-dual-title-wrap\">\n\t\t\t\t\t<h2 class=\"wpr-dual-title\">\n\t\t\t\t\t\t\t\t\t\t\t<span class=\"first\">Tu centro para obtener soporte sin inconvenientes y<\/span>\n\t\t\t\t\t\t\t\t\t\t\n\t\t\t\t\t\t\t\t\t\t\t<span class=\"second\">con empoderamiento<\/span>\n\t\t\t\t\t\t\t\t\t\t<\/h2>\n\t\t\t\t<\/div>\n\t\t\t\t\n\t\t\t\t\n\t\t\t\t\n\t\t\t<\/div>\n\t\t\t\t\t\t<\/div>\n\t\t\t\t<\/div>\n\t\t\t\t<div class=\"elementor-element elementor-element-795897d elementor-widget elementor-widget-text-editor\" data-id=\"795897d\" data-element_type=\"widget\" data-e-type=\"widget\" data-widget_type=\"text-editor.default\">\n\t\t\t\t<div class=\"elementor-widget-container\">\n\t\t\t\t\t\t\t\t\t<p>\u00a1Bienvenido al \u00c1rea de Clientes de Capote Solutions! Aqu\u00ed podr\u00e1s acceder a herramientas y recursos esenciales para gestionar tus servicios con nosotros de forma eficiente. Ya sea que necesites consultar los detalles de tu cuenta, realizar un seguimiento de tus solicitudes de servicio o encontrar informaci\u00f3n de soporte valiosa, lo tenemos cubierto.<\/p>\t\t\t\t\t\t\t\t<\/div>\n\t\t\t\t<\/div>\n\t\t<div class=\"elementor-element elementor-element-0888cb6 e-con-full e-flex wpr-particle-no wpr-jarallax-no wpr-parallax-no wpr-sticky-section-no wpr-equal-height-no e-con e-child\" data-id=\"0888cb6\" data-element_type=\"container\" data-e-type=\"container\">\n\t\t<div class=\"elementor-element elementor-element-44f1101 e-con-full e-flex wpr-particle-no wpr-jarallax-no wpr-parallax-no wpr-sticky-section-no wpr-equal-height-no e-con e-child\" data-id=\"44f1101\" data-element_type=\"container\" data-e-type=\"container\">\n\t\t\t\t<div class=\"elementor-element elementor-element-b032de6 wpr-promo-box-style-cover elementor-invisible elementor-widget elementor-widget-wpr-promo-box\" data-id=\"b032de6\" data-element_type=\"widget\" data-e-type=\"widget\" data-settings=\"{&quot;_animation&quot;:&quot;zoomIn&quot;}\" data-widget_type=\"wpr-promo-box.default\">\n\t\t\t\t<div class=\"elementor-widget-container\">\n\t\t\t\t\t\n\t\t<div class=\"wpr-promo-box wpr-animation-wrap\">\n\n\t\t\t\t\t\t<a class=\"wpr-promo-box-link\" href=\"https:\/\/capotesolutions.huducloud.com\"><\/a>\t\n\t\t\t\t\t\t\t\n\t\t\t\t\t\t\t<div class=\"wpr-promo-box-image\">\n\t\t\t\t\t<div class=\"wpr-promo-box-bg-image wpr-bg-anim-zoom-in wpr-anim-timing-ease-default\" style=\"background-image:url(https:\/\/capotesolutions.com\/wp-content\/uploads\/2024\/06\/Pics-4.jpg);\"><\/div>\n\t\t\t\t\t<div class=\"wpr-promo-box-bg-overlay wpr-border-anim-none\"><\/div>\n\t\t\t\t<\/div>\n\t\t\t\t\t\t\n\t\t\t<div class=\"wpr-promo-box-content\">\n\n\t\t\t\t\n\t\t\t\t<h3 class=\"wpr-promo-box-title\"><span>Portal del cliente<\/span><\/h3>\n\t\t\t\t\t\t\t\t\t<div class=\"wpr-promo-box-description\">\n\t\t\t\t\t\t<p><p>Nuestro Portal del Cliente es su plataforma integral para gestionar tus servicios y mantenerte al d\u00eda de todas tus interacciones con Capote Solutions. A trav\u00e9s del portal, puedes:<\/p><ul><li><strong>Acceder a la informaci\u00f3n de la cuenta:<\/strong> Ver y actualizar tu perfil y detalles del servicio.<\/li><li><strong>Seguimiento de solicitudes de servicio:<\/strong> Consulta el estado de tus solicitudes activas y ve su progreso.<\/li><li><strong>Administrar facturaci\u00f3n y pagos:<\/strong> Ver facturas de forma segura, realizar pagos y hacer seguimiento de tu historial de facturaci\u00f3n.<\/li><li><strong>Contactar con soporte t\u00e9cnico:<\/strong> Ponte en contacto con nuestro equipo para obtener asistencia personalizada seg\u00fan tus necesidades.<\/li><\/ul><p>El Portal del Cliente est\u00e1 dise\u00f1ado para tu comodidad, lo que facilita la gesti\u00f3n de todo desde un solo lugar. \u00a1Inicia sesi\u00f3n ahora y empieza a gestionar tus servicios sin esfuerzo!<\/p><\/p>\t\n\t\t\t\t\t<\/div>\t\t\t\t\t\t\n\t\t\t\t\n\t\t\t\t\t\t\t<\/div>\n\n\t\t\t\t\t<\/div>\n\n\t\t\t\t\t\t<\/div>\n\t\t\t\t<\/div>\n\t\t\t\t<\/div>\n\t\t<div class=\"elementor-element elementor-element-0b5bfb3 e-con-full e-flex wpr-particle-no wpr-jarallax-no wpr-parallax-no wpr-sticky-section-no wpr-equal-height-no e-con e-child\" data-id=\"0b5bfb3\" data-element_type=\"container\" data-e-type=\"container\">\n\t\t\t\t<div class=\"elementor-element elementor-element-fd8002e elementor-widget-laptop__width-initial wpr-promo-box-style-cover elementor-invisible elementor-widget elementor-widget-wpr-promo-box\" data-id=\"fd8002e\" data-element_type=\"widget\" data-e-type=\"widget\" data-settings=\"{&quot;_animation&quot;:&quot;zoomIn&quot;,&quot;_animation_delay&quot;:400}\" data-widget_type=\"wpr-promo-box.default\">\n\t\t\t\t<div class=\"elementor-widget-container\">\n\t\t\t\t\t\n\t\t<div class=\"wpr-promo-box wpr-animation-wrap\">\n\n\t\t\t\t\t\t<a class=\"wpr-promo-box-link\" href=\"https:\/\/capotebusinesssolutions.zohodesk.com\/portal\/en\/home\"><\/a>\t\n\t\t\t\t\t\t\t\n\t\t\t\t\t\t\t<div class=\"wpr-promo-box-image\">\n\t\t\t\t\t<div class=\"wpr-promo-box-bg-image wpr-bg-anim-zoom-in wpr-anim-timing-ease-default\" style=\"background-image:url(https:\/\/capotesolutions.com\/wp-content\/uploads\/2024\/06\/Pics-1.jpg);\"><\/div>\n\t\t\t\t\t<div class=\"wpr-promo-box-bg-overlay wpr-border-anim-none\"><\/div>\n\t\t\t\t<\/div>\n\t\t\t\t\t\t\n\t\t\t<div class=\"wpr-promo-box-content\">\n\n\t\t\t\t\n\t\t\t\t<h3 class=\"wpr-promo-box-title\"><span>Base de conocimientos<\/span><\/h3>\n\t\t\t\t\t\t\t\t\t<div class=\"wpr-promo-box-description\">\n\t\t\t\t\t\t<p><p>La Base de Conocimientos es un recurso integral dise\u00f1ado para ayudarte a resolver preguntas y problemas comunes de forma independiente. Tanto si necesitas solucionar un problema t\u00e9cnico como si necesitas orientaci\u00f3n sobre el uso de nuestros servicios, la Base de Conocimientos te ofrece:<\/p><ul><li><strong>Gu\u00edas paso a paso:<\/strong> Aprende a aprovechar al m\u00e1ximo nuestras soluciones con instrucciones detalladas.<\/li><li><strong>Preguntas frecuentes:<\/strong> Encuentra respuestas a preguntas frecuentes sobre nuestros productos y servicios.<\/li><li><strong>Art\u00edculos de soluci\u00f3n de problemas:<\/strong> Resuelve problemas comunes r\u00e1pidamente con nuestros recursos de soluci\u00f3n de problemas.<\/li><li><strong>Actualizaciones de productos:<\/strong> Mantente informado sobre nuevas funciones, actualizaciones y mejoras de nuestros servicios.<\/li><\/ul><p>Explora la Base de conocimientos para obtener ayuda inmediata y encontrar la informaci\u00f3n que necesitas para mantener tus operaciones funcionando sin problemas.<\/p><\/p>\t\n\t\t\t\t\t<\/div>\t\t\t\t\t\t\n\t\t\t\t\n\t\t\t\t\t\t\t<\/div>\n\n\t\t\t\t\t<\/div>\n\n\t\t\t\t\t\t<\/div>\n\t\t\t\t<\/div>\n\t\t\t\t<\/div>\n\t\t\t\t<\/div>\n\t\t<div class=\"elementor-element elementor-element-6f75353 e-flex e-con-boxed wpr-particle-no wpr-jarallax-no wpr-parallax-no wpr-sticky-section-no wpr-equal-height-no e-con e-child\" data-id=\"6f75353\" data-element_type=\"container\" data-e-type=\"container\">\n\t\t\t\t\t<div class=\"e-con-inner\">\n\t\t\t\t<div class=\"elementor-element elementor-element-d0d15a3 elementor-widget elementor-widget-text-editor\" data-id=\"d0d15a3\" data-element_type=\"widget\" data-e-type=\"widget\" data-widget_type=\"text-editor.default\">\n\t\t\t\t<div class=\"elementor-widget-container\">\n\t\t\t\t\t\t\t\t\t<p>Si necesitas ayuda adicional, no dudes en comunicarte con nosotros a trav\u00e9s del <a href=\"https:\/\/capotesolutions.huducloud.com\"><strong>Portal del cliente<\/strong><\/a> o visita nuestro <a href=\"https:\/\/capotebusinesssolutions.zohodesk.com\/portal\/en\/home\"><strong>Base de conocimientos<\/strong><\/a> Para opciones de autoservicio. Estamos aqu\u00ed para garantizar que tu experiencia con Capote Solutions sea fluida y eficiente.<\/p>\t\t\t\t\t\t\t\t<\/div>\n\t\t\t\t<\/div>\n\t\t\t\t\t<\/div>\n\t\t\t\t<\/div>\n\t\t\t\t<\/div>\n\t\t\t\t<\/div>","protected":false},"excerpt":{"rendered":"<p>Capote Solutions Customer Area: manage services, track requests, access support, and find answers in our Knowledge Base.<\/p>","protected":false},"author":1,"featured_media":0,"parent":0,"menu_order":0,"comment_status":"closed","ping_status":"closed","template":"elementor_canvas","meta":{"footnotes":""},"class_list":["post-1209","page","type-page","status-publish","hentry"],"yoast_head":"<!-- This site is optimized with the Yoast SEO Premium plugin v26.0 (Yoast SEO v27.4) - https:\/\/yoast.com\/product\/yoast-seo-premium-wordpress\/ -->\n<title>Capote Solutions Customer Area: Your Hub for Support &amp; Service Management | Capote Business Solutions<\/title>\n<meta name=\"description\" content=\"Access your personalized customer area to manage your account, view service details, and track your requests with Capote Business Solutions.\" \/>\n<meta name=\"robots\" content=\"index, follow, max-snippet:-1, max-image-preview:large, max-video-preview:-1\" \/>\n<link rel=\"canonical\" href=\"https:\/\/capotesolutions.com\/es\/area-de-clientes\/\" \/>\n<meta property=\"og:locale\" content=\"es_ES\" \/>\n<meta property=\"og:type\" content=\"article\" \/>\n<meta property=\"og:title\" content=\"Capote Solutions Customer Area: Your Hub for Support &amp; Service Management\" \/>\n<meta property=\"og:description\" content=\"Access your personalized customer area to manage your account, view service details, and track your requests with Capote Business Solutions.\" \/>\n<meta property=\"og:url\" content=\"https:\/\/capotesolutions.com\/es\/area-de-clientes\/\" \/>\n<meta property=\"og:site_name\" content=\"Capote Business Solutions\" \/>\n<meta property=\"article:modified_time\" content=\"2026-04-01T19:13:49+00:00\" \/>\n<meta name=\"twitter:card\" content=\"summary_large_image\" \/>\n<meta name=\"twitter:label1\" content=\"Tiempo de lectura\" \/>\n\t<meta name=\"twitter:data1\" content=\"2 minutos\" \/>\n<!-- \/ Yoast SEO Premium plugin. -->","yoast_head_json":{"title":"Capote Solutions Customer Area: Your Hub for Support &amp; Service Management | Capote Business Solutions","description":"Accede a tu \u00e1rea de cliente personalizada para administrar tu cuenta, ver detalles del servicio y realizar un seguimiento de tus solicitudes con Capote Business Solutions.","robots":{"index":"index","follow":"follow","max-snippet":"max-snippet:-1","max-image-preview":"max-image-preview:large","max-video-preview":"max-video-preview:-1"},"canonical":"https:\/\/capotesolutions.com\/es\/area-de-clientes\/","og_locale":"es_ES","og_type":"article","og_title":"Capote Solutions Customer Area: Your Hub for Support & Service Management","og_description":"Access your personalized customer area to manage your account, view service details, and track your requests with Capote Business Solutions.","og_url":"https:\/\/capotesolutions.com\/es\/area-de-clientes\/","og_site_name":"Capote Business Solutions","article_modified_time":"2026-04-01T19:13:49+00:00","twitter_card":"summary_large_image","twitter_misc":{"Tiempo de lectura":"2 minutos"},"schema":{"@context":"https:\/\/schema.org","@graph":[{"@type":"WebPage","@id":"https:\/\/capotesolutions.com\/customer-area\/","url":"https:\/\/capotesolutions.com\/customer-area\/","name":"Capote Solutions Customer Area: Your Hub for Support & Service Management - Capote Business Solutions","isPartOf":{"@id":"https:\/\/capotesolutions.com\/#website"},"datePublished":"2024-06-18T14:14:39+00:00","dateModified":"2026-04-01T19:13:49+00:00","description":"Accede a tu \u00e1rea de cliente personalizada para administrar tu cuenta, ver detalles del servicio y realizar un seguimiento de tus solicitudes con Capote Business Solutions.","breadcrumb":{"@id":"https:\/\/capotesolutions.com\/customer-area\/#breadcrumb"},"inLanguage":"es","potentialAction":[{"@type":"ReadAction","target":["https:\/\/capotesolutions.com\/customer-area\/"]}]},{"@type":"BreadcrumbList","@id":"https:\/\/capotesolutions.com\/customer-area\/#breadcrumb","itemListElement":[{"@type":"ListItem","position":1,"name":"Home","item":"https:\/\/capotesolutions.com\/"},{"@type":"ListItem","position":2,"name":"Capote Solutions Customer Area: Your Hub for Support &#038; Service Management"}]},{"@type":"WebSite","@id":"https:\/\/capotesolutions.com\/#website","url":"https:\/\/capotesolutions.com\/","name":"Soluciones Empresariales Capote","description":"Soluciones IT en Miami: Redes, Tel\u00e9fonos, Impresoras, Dise\u00f1o Web y m\u00e1s","publisher":{"@id":"https:\/\/capotesolutions.com\/#organization"},"potentialAction":[{"@type":"SearchAction","target":{"@type":"EntryPoint","urlTemplate":"https:\/\/capotesolutions.com\/?s={search_term_string}"},"query-input":{"@type":"PropertyValueSpecification","valueRequired":true,"valueName":"search_term_string"}}],"inLanguage":"es"},{"@type":"Organization","@id":"https:\/\/capotesolutions.com\/#organization","name":"Soluciones Empresariales Capote","url":"https:\/\/capotesolutions.com\/","logo":{"@type":"ImageObject","inLanguage":"es","@id":"https:\/\/capotesolutions.com\/#\/schema\/logo\/image\/","url":"https:\/\/capotesolutions.com\/wp-content\/uploads\/2024\/11\/Capo-LogoOficial.png","contentUrl":"https:\/\/capotesolutions.com\/wp-content\/uploads\/2024\/11\/Capo-LogoOficial.png","width":912,"height":483,"caption":"Capote Business Solutions"},"image":{"@id":"https:\/\/capotesolutions.com\/#\/schema\/logo\/image\/"}}]}},"_links":{"self":[{"href":"https:\/\/capotesolutions.com\/es\/wp-json\/wp\/v2\/pages\/1209","targetHints":{"allow":["GET"]}}],"collection":[{"href":"https:\/\/capotesolutions.com\/es\/wp-json\/wp\/v2\/pages"}],"about":[{"href":"https:\/\/capotesolutions.com\/es\/wp-json\/wp\/v2\/types\/page"}],"author":[{"embeddable":true,"href":"https:\/\/capotesolutions.com\/es\/wp-json\/wp\/v2\/users\/1"}],"replies":[{"embeddable":true,"href":"https:\/\/capotesolutions.com\/es\/wp-json\/wp\/v2\/comments?post=1209"}],"version-history":[{"count":49,"href":"https:\/\/capotesolutions.com\/es\/wp-json\/wp\/v2\/pages\/1209\/revisions"}],"predecessor-version":[{"id":5241,"href":"https:\/\/capotesolutions.com\/es\/wp-json\/wp\/v2\/pages\/1209\/revisions\/5241"}],"wp:attachment":[{"href":"https:\/\/capotesolutions.com\/es\/wp-json\/wp\/v2\/media?parent=1209"}],"curies":[{"name":"wp","href":"https:\/\/api.w.org\/{rel}","templated":true}]}}